
{"id":9,"date":"2018-09-13T18:55:58","date_gmt":"2018-09-13T18:55:58","guid":{"rendered":"http:\/\/blogs.vsb.bc.ca\/lmorel\/?page_id=9"},"modified":"2019-09-19T16:22:44","modified_gmt":"2019-09-19T16:22:44","slug":"sciences-humaines-9","status":"publish","type":"page","link":"https:\/\/blogs.vsb.bc.ca\/lmorel\/?page_id=9","title":{"rendered":"Sciences Humaines 9"},"content":{"rendered":"<p>Bienvenus\u00a0\u00e0 Sciences Humaines 9!<\/p>\n<p>L&#8217;approche au programme cette ann\u00e9e est un peu diff\u00e9rente de celle que vous connaissez peut-\u00eatre d&#8217;autre cours cette ann\u00e9e ou de l\u2019ann\u00e9e derni\u00e8re.\u00a0 Pr\u00e9cis\u00e9ment, je participe \u00e0 une initiative du district scolaire qui explore une approche un peu innovante\u00a0\u00e0 l\u2019\u00e9valuation, o\u00f9 les \u00e9l\u00e8ves seront \u00e9valu\u00e9s seulement avec de la r\u00e9troaction formative et\/ou selon un bar\u00e8me qui consiste de quatre niveaux: &#8220;En \u00c9mergence, en d\u00e9veloppement, atteint, surpass\u00e9&#8221;.\u00a0 Aucune note ne sera fournie.<\/p>\n<p>Les details de cette initiative se trouvent parmi les documents ci-jointes.<\/p>\n<p>SVP, n&#8217;hesitez pas de me contactez ici si jamais vous avez des questions.<\/p>\n<p><a href=\"http:\/\/blogs.vsb.bc.ca\/lmorel\/files\/2019\/09\/Course-Outline-FSCH9-revised-2019.docx\">Course Outline &#8211; FSCH9 revised 2019<\/a><\/p>\n<p><a href=\"http:\/\/blogs.vsb.bc.ca\/lmorel\/files\/2019\/09\/parent-letter-Grading-for-Sciences-Humaines-9.docx\">parent letter &#8211; Grading for Sciences Humaines 9<\/a><\/p>\n<p><a href=\"http:\/\/blogs.vsb.bc.ca\/lmorel\/files\/2019\/09\/breakdown-of-curricular-competencies-revised-2019.docx\">breakdown of curricular competencies revised 2019<\/a><\/p>\n<hr \/>\n<p>Welcome to Social Studies 9<\/p>\n<p>This year&#8217;s course will be a bit different from what students might be used to from other course this year or last year.\u00a0 Specifically, I am participating in a pilot project through the school board to investigate a different approach to assessment, where instead of receiving percentages or letter grades, students will only receive either descriptive, formative feedback, and\/or an assessment based on a four-level rubric: Emerging, Developing, Achieving, and Surpassing.<\/p>\n<p>Details regarding this year&#8217;s assessment program can be found in the attached documents provided below.<\/p>\n<p>Of course, please don&#8217;t hesitate to contact with any questions or concerns you may have.<\/p>\n<p><a href=\"http:\/\/blogs.vsb.bc.ca\/lmorel\/files\/2019\/09\/Course-Outline-FSCH9-revised-2019.docx\">Course Outline &#8211; FSCH9 revised 2019<\/a><\/p>\n<p><a href=\"http:\/\/blogs.vsb.bc.ca\/lmorel\/files\/2019\/09\/parent-letter-Grading-for-Sciences-Humaines-9.docx\">parent letter &#8211; Grading for Sciences Humaines 9<\/a><\/p>\n<p><a href=\"http:\/\/blogs.vsb.bc.ca\/lmorel\/files\/2019\/09\/breakdown-of-curricular-competencies-revised-2019.docx\">breakdown of curricular competencies revised 2019<\/a><\/p>\n","protected":false},"excerpt":{"rendered":"<p>Bienvenus\u00a0\u00e0 Sciences Humaines 9! L&#8217;approche au programme cette ann\u00e9e est un peu diff\u00e9rente de celle que vous connaissez peut-\u00eatre d&#8217;autre<\/p>\n<div class=\"read-button read_more_btn_text\"><a class=\"read_more\" href=\"https:\/\/blogs.vsb.bc.ca\/lmorel\/?page_id=9\">Read Now<span class=\"arrow_readm\"> &#x25BA;<\/span><\/a><\/div>\n","protected":false},"author":344,"featured_media":0,"parent":4,"menu_order":0,"comment_status":"closed","ping_status":"closed","template":"","meta":{"footnotes":""},"class_list":["post-9","page","type-page","status-publish","hentry"],"_links":{"self":[{"href":"https:\/\/blogs.vsb.bc.ca\/lmorel\/index.php?rest_route=\/wp\/v2\/pages\/9","targetHints":{"allow":["GET"]}}],"collection":[{"href":"https:\/\/blogs.vsb.bc.ca\/lmorel\/index.php?rest_route=\/wp\/v2\/pages"}],"about":[{"href":"https:\/\/blogs.vsb.bc.ca\/lmorel\/index.php?rest_route=\/wp\/v2\/types\/page"}],"author":[{"embeddable":true,"href":"https:\/\/blogs.vsb.bc.ca\/lmorel\/index.php?rest_route=\/wp\/v2\/users\/344"}],"replies":[{"embeddable":true,"href":"https:\/\/blogs.vsb.bc.ca\/lmorel\/index.php?rest_route=%2Fwp%2Fv2%2Fcomments&post=9"}],"version-history":[{"count":13,"href":"https:\/\/blogs.vsb.bc.ca\/lmorel\/index.php?rest_route=\/wp\/v2\/pages\/9\/revisions"}],"predecessor-version":[{"id":149,"href":"https:\/\/blogs.vsb.bc.ca\/lmorel\/index.php?rest_route=\/wp\/v2\/pages\/9\/revisions\/149"}],"up":[{"embeddable":true,"href":"https:\/\/blogs.vsb.bc.ca\/lmorel\/index.php?rest_route=\/wp\/v2\/pages\/4"}],"wp:attachment":[{"href":"https:\/\/blogs.vsb.bc.ca\/lmorel\/index.php?rest_route=%2Fwp%2Fv2%2Fmedia&parent=9"}],"curies":[{"name":"wp","href":"https:\/\/api.w.org\/{rel}","templated":true}]}}