
{"id":4,"date":"2018-09-13T18:44:45","date_gmt":"2018-09-13T18:44:45","guid":{"rendered":"http:\/\/blogs.vsb.bc.ca\/lmorel\/?page_id=4"},"modified":"2018-09-21T22:21:00","modified_gmt":"2018-09-21T22:21:00","slug":"bienvenu-au-site-de-m-morel","status":"publish","type":"page","link":"https:\/\/blogs.vsb.bc.ca\/lmorel\/","title":{"rendered":"Bienvenue au site de M. Morel"},"content":{"rendered":"<p>(English follows below)<\/p>\n<p>Bienvenue \u00e0 tous au site de M. Morel.<\/p>\n<p>Je suis un prof d&#8217;immersion fran\u00e7aise\u00a0\u00e0 l&#8217;\u00e9cole Kitsilano\u00a0\u00e0 Vancouver.\u00a0 J&#8217;enseigne Fran\u00e7ais Langue et Sciences Humaines.<\/p>\n<p>Ce site est con\u00e7u comme ressource pour mes\u00a0\u00e9l\u00e8ves, et sera utilis\u00e9 comme outil d&#8217;enseignement en classe aussi.<\/p>\n<p>Puisque cette page vise aussi les parents de mes\u00a0\u00e9l\u00e8ves, certaines parties seront offertes en anglais.<\/p>\n<p>Utilisez le menu ci-dessus pour rejoindre la page d\u00e9di\u00e9e\u00a0\u00e0 votre classe avec moi.\u00a0 Vous y trouverez des d\u00e9tails importants, des liens pertinants, des documents, etc.<br \/>\n**Notez: Ce site ne sera PAS mis\u00a0\u00e0 jour quotidiennement avec les devoirs de chaque classe.\u00a0 Par contre, je ferai de mon mieux d&#8217;y afficher les mat\u00e9riaux et liens n\u00e9cessaires pour les travaux et activit\u00e9s qui contiennent un\u00a0\u00e9l\u00e9ment &#8220;en ligne.&#8221;<\/p>\n<p>Bonne Visite!<\/p>\n<hr \/>\n<p>&nbsp;<\/p>\n<p>Welcome to Mr. Morel&#8217;s site!<\/p>\n<p>I am a French Immersion teacher at Kitsilano Secondary School in Vancouver.\u00a0 I teach French Immersion Language Arts and French Immersion Social Studies.<\/p>\n<p>This site is intended as a resource for my students, and it will also be used as a teaching tool in class.<\/p>\n<p>While this site is primarily in French, parts of it are offered in English for the benefit of my students&#8217; parents.<\/p>\n<p>Select the course from the menu above.\u00a0 In each course, you will find important information, handouts, links used in class, etc.<br \/>\n**Please note:\u00a0 This site will <strong>NOT<\/strong> be updated with daily homework.\u00a0 I will make every effort to keep it up to date with relevant handouts and documents, particularly if an activity or assignment has an online component such as a specific link I want students to follow.<\/p>\n","protected":false},"excerpt":{"rendered":"<p>(English follows below) Bienvenue \u00e0 tous au site de M. Morel. Je suis un prof d&#8217;immersion fran\u00e7aise\u00a0\u00e0 l&#8217;\u00e9cole Kitsilano\u00a0\u00e0 Vancouver.\u00a0<\/p>\n<div class=\"read-button read_more_btn_text\"><a class=\"read_more\" href=\"https:\/\/blogs.vsb.bc.ca\/lmorel\/\">Read Now<span class=\"arrow_readm\"> &#x25BA;<\/span><\/a><\/div>\n","protected":false},"author":344,"featured_media":0,"parent":0,"menu_order":0,"comment_status":"closed","ping_status":"closed","template":"","meta":{"footnotes":""},"class_list":["post-4","page","type-page","status-publish","hentry"],"_links":{"self":[{"href":"https:\/\/blogs.vsb.bc.ca\/lmorel\/index.php?rest_route=\/wp\/v2\/pages\/4","targetHints":{"allow":["GET"]}}],"collection":[{"href":"https:\/\/blogs.vsb.bc.ca\/lmorel\/index.php?rest_route=\/wp\/v2\/pages"}],"about":[{"href":"https:\/\/blogs.vsb.bc.ca\/lmorel\/index.php?rest_route=\/wp\/v2\/types\/page"}],"author":[{"embeddable":true,"href":"https:\/\/blogs.vsb.bc.ca\/lmorel\/index.php?rest_route=\/wp\/v2\/users\/344"}],"replies":[{"embeddable":true,"href":"https:\/\/blogs.vsb.bc.ca\/lmorel\/index.php?rest_route=%2Fwp%2Fv2%2Fcomments&post=4"}],"version-history":[{"count":8,"href":"https:\/\/blogs.vsb.bc.ca\/lmorel\/index.php?rest_route=\/wp\/v2\/pages\/4\/revisions"}],"predecessor-version":[{"id":100,"href":"https:\/\/blogs.vsb.bc.ca\/lmorel\/index.php?rest_route=\/wp\/v2\/pages\/4\/revisions\/100"}],"wp:attachment":[{"href":"https:\/\/blogs.vsb.bc.ca\/lmorel\/index.php?rest_route=%2Fwp%2Fv2%2Fmedia&parent=4"}],"curies":[{"name":"wp","href":"https:\/\/api.w.org\/{rel}","templated":true}]}}