
{"id":37,"date":"2018-09-14T17:44:25","date_gmt":"2018-09-14T17:44:25","guid":{"rendered":"http:\/\/blogs.vsb.bc.ca\/lmorel\/?page_id=37"},"modified":"2019-09-05T21:29:21","modified_gmt":"2019-09-05T21:29:21","slug":"bienvenu-a-sciences-humaines-10","status":"publish","type":"page","link":"https:\/\/blogs.vsb.bc.ca\/lmorel\/?page_id=37","title":{"rendered":"Sciences Humaines 10"},"content":{"rendered":"<p>Bienvenus\u00a0\u00e0 Sciences Humaines 10!<\/p>\n<p>Cette ann\u00e9e, nous explorons la pens\u00e9e critique historique \u00e0 travers une \u00e9tude du 20<sup>e<\/sup> si\u00e8cle.\u00a0 On examinera, entre autres, La Grande D\u00e9pression, La Seconde Guerre Mondiale, La Guerre Froide, La Ligue Des Nations et Les Nations Unies, l\u2019identit\u00e9 et l\u2019autonomie canadienne, les droits humains, et les politiques environnementales, politiques, et \u00e9conomiques.<\/p>\n<p>Selon<a href=\"https:\/\/curriculum.gov.bc.ca\/fr\/curriculum\/social-studies\/10\"> le nouveau curriculum de la Colombie Britannique<\/a>, nous allons aussi travailler les comp\u00e9tences de pens\u00e9e critique qui sont class\u00e9s dans six cat\u00e9gories diff\u00e9rentes\u00a0: la port\u00e9e, les preuves, la continuit\u00e9 et les changements, les causes et cons\u00e9quences, la perspective, et le jugement \u00e9thique.<\/p>\n<p>\u00c7a s\u2019av\u00e8re une ann\u00e9e charg\u00e9e, mais une ann\u00e9e tr\u00e8s int\u00e9ressante et engageante!<\/p>\n<p><a href=\"http:\/\/blogs.vsb.bc.ca\/lmorel\/files\/2019\/09\/Course-Outline-FSCH10-revised-2019.docx\">Course Outline &#8211; FSCH10 revised 2019<\/a><\/p>\n<hr \/>\n<p>Welcome to Social Studies 10!<\/p>\n<p>This year, we will be exploring historical critical thinking skills through a study of the 20th century. Content these this year will include, among others: the Great Depression, World War II, the Cold War, The League of Nations and the United Nations, Canadian identity and autonomy, human rights, and environmental, political, and economic policies.\u00a0 According to <a href=\"https:\/\/curriculum.gov.bc.ca\/curriculum\/social-studies\/10\">BC&#8217;s new curriculum<\/a>, we will also work on critical thinking skills that are categorized into six different parts: scope, evidence, continuity and change, causes and consequences, perspective, and ethical judgment.<\/p>\n<p>It&#8217;s a busy year, but a I hope you will find it a very interesting and engaging year as well!<\/p>\n<p><a href=\"http:\/\/blogs.vsb.bc.ca\/lmorel\/files\/2019\/09\/Course-Outline-FSCH10-revised-2019.docx\">Course Outline &#8211; FSCH10 revised 2019<\/a><\/p>\n","protected":false},"excerpt":{"rendered":"<p>Bienvenus\u00a0\u00e0 Sciences Humaines 10! Cette ann\u00e9e, nous explorons la pens\u00e9e critique historique \u00e0 travers une \u00e9tude du 20e si\u00e8cle.\u00a0 On<\/p>\n<div class=\"read-button read_more_btn_text\"><a class=\"read_more\" href=\"https:\/\/blogs.vsb.bc.ca\/lmorel\/?page_id=37\">Read Now<span class=\"arrow_readm\"> &#x25BA;<\/span><\/a><\/div>\n","protected":false},"author":344,"featured_media":0,"parent":4,"menu_order":0,"comment_status":"closed","ping_status":"closed","template":"","meta":{"footnotes":""},"class_list":["post-37","page","type-page","status-publish","hentry"],"_links":{"self":[{"href":"https:\/\/blogs.vsb.bc.ca\/lmorel\/index.php?rest_route=\/wp\/v2\/pages\/37","targetHints":{"allow":["GET"]}}],"collection":[{"href":"https:\/\/blogs.vsb.bc.ca\/lmorel\/index.php?rest_route=\/wp\/v2\/pages"}],"about":[{"href":"https:\/\/blogs.vsb.bc.ca\/lmorel\/index.php?rest_route=\/wp\/v2\/types\/page"}],"author":[{"embeddable":true,"href":"https:\/\/blogs.vsb.bc.ca\/lmorel\/index.php?rest_route=\/wp\/v2\/users\/344"}],"replies":[{"embeddable":true,"href":"https:\/\/blogs.vsb.bc.ca\/lmorel\/index.php?rest_route=%2Fwp%2Fv2%2Fcomments&post=37"}],"version-history":[{"count":8,"href":"https:\/\/blogs.vsb.bc.ca\/lmorel\/index.php?rest_route=\/wp\/v2\/pages\/37\/revisions"}],"predecessor-version":[{"id":142,"href":"https:\/\/blogs.vsb.bc.ca\/lmorel\/index.php?rest_route=\/wp\/v2\/pages\/37\/revisions\/142"}],"up":[{"embeddable":true,"href":"https:\/\/blogs.vsb.bc.ca\/lmorel\/index.php?rest_route=\/wp\/v2\/pages\/4"}],"wp:attachment":[{"href":"https:\/\/blogs.vsb.bc.ca\/lmorel\/index.php?rest_route=%2Fwp%2Fv2%2Fmedia&parent=37"}],"curies":[{"name":"wp","href":"https:\/\/api.w.org\/{rel}","templated":true}]}}